{"id":624,"date":"2024-02-04T11:39:55","date_gmt":"2024-02-04T11:39:55","guid":{"rendered":"https:\/\/themeholy.com\/wordpress\/fresh\/?page_id=624"},"modified":"2024-06-09T16:28:33","modified_gmt":"2024-06-09T16:28:33","slug":"projectos","status":"publish","type":"page","link":"https:\/\/brandon-engineer.com\/en\/projectos\/","title":{"rendered":"Proyectos"},"content":{"rendered":"<div data-elementor-type=\"wp-page\" data-elementor-id=\"624\" class=\"elementor elementor-624\" data-elementor-post-type=\"page\">\n\t\t\t\t\t\t<section class=\"elementor-section elementor-top-section elementor-element elementor-element-2672222 elementor-section-full_width elementor-section-height-default elementor-section-height-default\" data-id=\"2672222\" data-element_type=\"section\" data-settings=\"{&quot;background_background&quot;:&quot;classic&quot;}\">\n\t\t\t\t\t\t<div class=\"elementor-container elementor-column-gap-no\">\n\t\t\t\t\t<div class=\"elementor-column elementor-col-100 elementor-top-column elementor-element elementor-element-a30e3f8\" data-id=\"a30e3f8\" data-element_type=\"column\">\n\t\t\t<div class=\"elementor-widget-wrap elementor-element-populated\">\n\t\t\t\t\t\t<div class=\"elementor-element elementor-element-1a0ae2f0 elementor-widget elementor-widget-tragashapeimage\" data-id=\"1a0ae2f0\" data-element_type=\"widget\" data-widget_type=\"tragashapeimage.default\">\n\t\t\t\t<div class=\"elementor-widget-container\">\n\t\t\t<!-- Image --><div class=\"shape-mockup\" data-top=\"1.0E-6%\" data-right=\"1.0E-9%\"><img decoding=\"async\" src=\"https:\/\/themeholy.com\/wordpress\/fresh\/wp-content\/uploads\/2024\/01\/tech_shape_1.png\" alt=\"Brandon Engineer\" ><\/div><!-- End Image -->\t\t<\/div>\n\t\t\t\t<\/div>\n\t\t\t\t<section class=\"elementor-section elementor-inner-section elementor-element elementor-element-125c9e10 elementor-section-boxed elementor-section-height-default elementor-section-height-default\" data-id=\"125c9e10\" data-element_type=\"section\">\n\t\t\t\t\t\t<div class=\"elementor-container elementor-column-gap-no\">\n\t\t\t\t\t<div class=\"elementor-column elementor-col-100 elementor-inner-column elementor-element elementor-element-7d84116\" data-id=\"7d84116\" data-element_type=\"column\">\n\t\t\t<div class=\"elementor-widget-wrap elementor-element-populated\">\n\t\t\t\t\t\t<div class=\"elementor-element elementor-element-6ac908f elementor-widget elementor-widget-heading\" data-id=\"6ac908f\" data-element_type=\"widget\" data-widget_type=\"heading.default\">\n\t\t\t\t<div class=\"elementor-widget-container\">\n\t\t\t<style>\/*! elementor - v3.19.0 - 28-02-2024 *\/\n.elementor-heading-title{padding:0;margin:0;line-height:1}.elementor-widget-heading .elementor-heading-title[class*=elementor-size-]>a{color:inherit;font-size:inherit;line-height:inherit}.elementor-widget-heading .elementor-heading-title.elementor-size-small{font-size:15px}.elementor-widget-heading .elementor-heading-title.elementor-size-medium{font-size:19px}.elementor-widget-heading .elementor-heading-title.elementor-size-large{font-size:29px}.elementor-widget-heading .elementor-heading-title.elementor-size-xl{font-size:39px}.elementor-widget-heading .elementor-heading-title.elementor-size-xxl{font-size:59px}<\/style><h2 class=\"elementor-heading-title elementor-size-default\">Proyectos en progreso<\/h2>\t\t<\/div>\n\t\t\t\t<\/div>\n\t\t\t\t<div class=\"elementor-element elementor-element-cc9e8db elementor-widget elementor-widget-tragaproject\" data-id=\"cc9e8db\" data-element_type=\"widget\" data-widget_type=\"tragaproject.default\">\n\t\t\t\t<div class=\"elementor-widget-container\">\n\t\t\t<div class=\"project_1\"><div class=\"row gy-4\"><div class=\"col-lg-4 col-md-6\"><div class=\"project-card\"><div class=\"project-img\"><img decoding=\"async\" src=\"https:\/\/brandon-engineer.com\/wp-content\/uploads\/2024\/06\/Pagina-web.jpg\" alt=\"Brandon%20Engineer\"  \/><\/div><div class=\"project-content-wrap\"><div class=\"project-content\"><div class=\"box-particle\" id=\"project-p1\"><\/div><h3 class=\"box-title\"><a  href=\"\">Esta web<\/a><\/h3><p class=\"project-subtitle\">Desarrollo web<\/p><a href=\"https:\/\/brandon-engineer.com\/wp-content\/uploads\/2024\/06\/Pagina-web.jpg\" class=\"icon-btn popup-image\"><i class=\"far fa-plus\"><\/i><\/a><\/div><\/div><\/div><\/div><div class=\"col-lg-4 col-md-6\"><div class=\"project-card\"><div class=\"project-img\"><img decoding=\"async\" src=\"https:\/\/brandon-engineer.com\/wp-content\/uploads\/2024\/06\/Portada-Brandolinera-proyectos.jpg\" alt=\"Brandon%20Engineer\"  \/><\/div><div class=\"project-content-wrap\"><div class=\"project-content\"><div class=\"box-particle\" id=\"project-p2\"><\/div><h3 class=\"box-title\"><a  href=\"https:\/\/brandon-engineer.com\/en\/brandolinera\/\">Brandolinera<\/a><\/h3><p class=\"project-subtitle\">Automatizaci\u00f3n e IOT<\/p><a href=\"https:\/\/brandon-engineer.com\/wp-content\/uploads\/2024\/06\/Portada-Brandolinera-proyectos.jpg\" class=\"icon-btn popup-image\"><i class=\"far fa-plus\"><\/i><\/a><\/div><\/div><\/div><\/div><\/div><\/div>\t\t<\/div>\n\t\t\t\t<\/div>\n\t\t\t\t<div class=\"elementor-element elementor-element-0b64c69 elementor-widget__width-initial elementor-widget elementor-widget-text-editor\" data-id=\"0b64c69\" data-element_type=\"widget\" data-widget_type=\"text-editor.default\">\n\t\t\t\t<div class=\"elementor-widget-container\">\n\t\t\t<style>\/*! elementor - v3.19.0 - 28-02-2024 *\/\n.elementor-widget-text-editor.elementor-drop-cap-view-stacked .elementor-drop-cap{background-color:#69727d;color:#fff}.elementor-widget-text-editor.elementor-drop-cap-view-framed .elementor-drop-cap{color:#69727d;border:3px solid;background-color:transparent}.elementor-widget-text-editor:not(.elementor-drop-cap-view-default) .elementor-drop-cap{margin-top:8px}.elementor-widget-text-editor:not(.elementor-drop-cap-view-default) .elementor-drop-cap-letter{width:1em;height:1em}.elementor-widget-text-editor .elementor-drop-cap{float:left;text-align:center;line-height:1;font-size:50px}.elementor-widget-text-editor .elementor-drop-cap-letter{display:inline-block}<\/style>\t\t\t\t\t\t\t\t\t\t<\/div>\n\t\t\t\t<\/div>\n\t\t\t\t<div class=\"elementor-element elementor-element-60940a5 elementor-align-center elementor-widget__width-initial elementor-widget elementor-widget-button\" data-id=\"60940a5\" data-element_type=\"widget\" data-widget_type=\"button.default\">\n\t\t\t\t<div class=\"elementor-widget-container\">\n\t\t\t\t\t<div class=\"elementor-button-wrapper\">\n\t\t\t<a class=\"elementor-button elementor-button-link elementor-size-sm\" href=\"https:\/\/brandon-engineer.com\/en\/brandolinera\/\">\n\t\t\t\t\t\t<span class=\"elementor-button-content-wrapper\">\n\t\t\t\t\t\t<span class=\"elementor-button-text\">VER PROYECTO<\/span>\n\t\t<\/span>\n\t\t\t\t\t<\/a>\n\t\t<\/div>\n\t\t\t\t<\/div>\n\t\t\t\t<\/div>\n\t\t\t\t<div class=\"elementor-element elementor-element-8a15991 elementor-align-center elementor-widget__width-initial elementor-hidden-desktop elementor-hidden-tablet elementor-hidden-mobile elementor-widget elementor-widget-button\" data-id=\"8a15991\" data-element_type=\"widget\" data-widget_type=\"button.default\">\n\t\t\t\t<div class=\"elementor-widget-container\">\n\t\t\t\t\t<div class=\"elementor-button-wrapper\">\n\t\t\t<a class=\"elementor-button elementor-button-link elementor-size-sm\" href=\"#\">\n\t\t\t\t\t\t<span class=\"elementor-button-content-wrapper\">\n\t\t\t\t\t\t<span class=\"elementor-button-text\">Haz clic aqu\u00ed<\/span>\n\t\t<\/span>\n\t\t\t\t\t<\/a>\n\t\t<\/div>\n\t\t\t\t<\/div>\n\t\t\t\t<\/div>\n\t\t\t\t<div class=\"elementor-element elementor-element-4476696 elementor-widget elementor-widget-heading\" data-id=\"4476696\" data-element_type=\"widget\" data-widget_type=\"heading.default\">\n\t\t\t\t<div class=\"elementor-widget-container\">\n\t\t\t<h2 class=\"elementor-heading-title elementor-size-default\">Proyectos en finalizados<\/h2>\t\t<\/div>\n\t\t\t\t<\/div>\n\t\t\t\t<div class=\"elementor-element elementor-element-beb56ab elementor-widget elementor-widget-tragaproject\" data-id=\"beb56ab\" data-element_type=\"widget\" data-widget_type=\"tragaproject.default\">\n\t\t\t\t<div class=\"elementor-widget-container\">\n\t\t\t<div class=\"project_1\"><div class=\"row gy-4\"><div class=\"col-lg-4 col-md-6\"><div class=\"project-card\"><div class=\"project-img\"><img decoding=\"async\" src=\"https:\/\/brandon-engineer.com\/wp-content\/uploads\/2024\/06\/portada-zeus.jpg\" alt=\"Brandon%20Engineer\"  \/><\/div><div class=\"project-content-wrap\"><div class=\"project-content\"><div class=\"box-particle\" id=\"project-p1\"><\/div><h3 class=\"box-title\"><a  href=\"https:\/\/brandon-engineer.com\/en\/zeus\/\">Zeus<\/a><\/h3><p class=\"project-subtitle\">Gestor documental<\/p><a href=\"https:\/\/brandon-engineer.com\/wp-content\/uploads\/2024\/06\/portada-zeus.jpg\" class=\"icon-btn popup-image\"><i class=\"far fa-plus\"><\/i><\/a><\/div><\/div><\/div><\/div><\/div><\/div>\t\t<\/div>\n\t\t\t\t<\/div>\n\t\t\t\t<div class=\"elementor-element elementor-element-37cee87 elementor-align-center elementor-widget__width-initial elementor-widget elementor-widget-button\" data-id=\"37cee87\" data-element_type=\"widget\" data-widget_type=\"button.default\">\n\t\t\t\t<div class=\"elementor-widget-container\">\n\t\t\t\t\t<div class=\"elementor-button-wrapper\">\n\t\t\t<a class=\"elementor-button elementor-button-link elementor-size-sm\" href=\"https:\/\/brandon-engineer.com\/en\/zeus\/\">\n\t\t\t\t\t\t<span class=\"elementor-button-content-wrapper\">\n\t\t\t\t\t\t<span class=\"elementor-button-text\">VER PROYECTO<\/span>\n\t\t<\/span>\n\t\t\t\t\t<\/a>\n\t\t<\/div>\n\t\t\t\t<\/div>\n\t\t\t\t<\/div>\n\t\t\t\t<div class=\"elementor-element elementor-element-cb7214f elementor-widget__width-initial elementor-hidden-desktop elementor-hidden-tablet elementor-hidden-mobile elementor-widget elementor-widget-text-editor\" data-id=\"cb7214f\" data-element_type=\"widget\" data-widget_type=\"text-editor.default\">\n\t\t\t\t<div class=\"elementor-widget-container\">\n\t\t\t\t\t\t\t\t\t\t\t\t\t<\/div>\n\t\t\t\t<\/div>\n\t\t\t\t<div class=\"elementor-element elementor-element-badc445 elementor-align-center elementor-widget__width-initial elementor-hidden-desktop elementor-hidden-tablet elementor-hidden-mobile elementor-widget elementor-widget-button\" data-id=\"badc445\" data-element_type=\"widget\" data-widget_type=\"button.default\">\n\t\t\t\t<div class=\"elementor-widget-container\">\n\t\t\t\t\t<div class=\"elementor-button-wrapper\">\n\t\t\t<a class=\"elementor-button elementor-button-link elementor-size-sm\" href=\"#\">\n\t\t\t\t\t\t<span class=\"elementor-button-content-wrapper\">\n\t\t\t\t\t\t<span class=\"elementor-button-text\">Haz clic aqu\u00ed<\/span>\n\t\t<\/span>\n\t\t\t\t\t<\/a>\n\t\t<\/div>\n\t\t\t\t<\/div>\n\t\t\t\t<\/div>\n\t\t\t\t\t<\/div>\n\t\t<\/div>\n\t\t\t\t\t<\/div>\n\t\t<\/section>\n\t\t\t\t\t<\/div>\n\t\t<\/div>\n\t\t\t\t\t<\/div>\n\t\t<\/section>\n\t\t\t\t<\/div>","protected":false},"excerpt":{"rendered":"<p>Proyectos en progreso Esta web Desarrollo web Brandolinera Automatizaci\u00f3n e IOT VER PROYECTO Haz clic aqu\u00ed Proyectos en finalizados Zeus Gestor documental VER PROYECTO Haz clic aqu\u00ed<\/p>","protected":false},"author":1,"featured_media":0,"parent":0,"menu_order":0,"comment_status":"closed","ping_status":"closed","template":"template-builder.php","meta":{"footnotes":""},"class_list":["post-624","page","type-page","status-publish","hentry"],"yoast_head":"<!-- This site is optimized with the Yoast SEO Premium plugin v22.0 (Yoast SEO v22.0) - https:\/\/yoast.com\/wordpress\/plugins\/seo\/ -->\n<title>Proyectos - Brandon Engineer<\/title>\n<meta name=\"robots\" content=\"index, follow, max-snippet:-1, max-image-preview:large, max-video-preview:-1\" \/>\n<link rel=\"canonical\" href=\"https:\/\/brandon-engineer.com\/en\/projectos\/\" \/>\n<meta property=\"og:locale\" content=\"en_US\" \/>\n<meta property=\"og:type\" content=\"article\" \/>\n<meta property=\"og:title\" content=\"Proyectos\" \/>\n<meta property=\"og:description\" content=\"Proyectos en progreso Esta web Desarrollo web Brandolinera Automatizaci\u00f3n e IOT VER PROYECTO Haz clic aqu\u00ed Proyectos en finalizados Zeus Gestor documental VER PROYECTO Haz clic aqu\u00ed\" \/>\n<meta property=\"og:url\" content=\"https:\/\/brandon-engineer.com\/en\/projectos\/\" \/>\n<meta property=\"og:site_name\" content=\"Brandon Engineer\" \/>\n<meta property=\"article:modified_time\" content=\"2024-06-09T16:28:33+00:00\" \/>\n<meta property=\"og:image\" content=\"https:\/\/themeholy.com\/wordpress\/fresh\/wp-content\/uploads\/2024\/01\/tech_shape_1.png\" \/>\n<meta name=\"twitter:card\" content=\"summary_large_image\" \/>\n<meta name=\"twitter:label1\" content=\"Est. reading time\" \/>\n\t<meta name=\"twitter:data1\" content=\"1 minute\" \/>\n<script type=\"application\/ld+json\" class=\"yoast-schema-graph\">{\"@context\":\"https:\/\/schema.org\",\"@graph\":[{\"@type\":\"WebPage\",\"@id\":\"https:\/\/brandon-engineer.com\/projectos\/\",\"url\":\"https:\/\/brandon-engineer.com\/projectos\/\",\"name\":\"Proyectos - Brandon Engineer\",\"isPartOf\":{\"@id\":\"https:\/\/brandon-engineer.com\/#website\"},\"datePublished\":\"2024-02-04T11:39:55+00:00\",\"dateModified\":\"2024-06-09T16:28:33+00:00\",\"breadcrumb\":{\"@id\":\"https:\/\/brandon-engineer.com\/projectos\/#breadcrumb\"},\"inLanguage\":\"en-US\",\"potentialAction\":[{\"@type\":\"ReadAction\",\"target\":[\"https:\/\/brandon-engineer.com\/projectos\/\"]}]},{\"@type\":\"BreadcrumbList\",\"@id\":\"https:\/\/brandon-engineer.com\/projectos\/#breadcrumb\",\"itemListElement\":[{\"@type\":\"ListItem\",\"position\":1,\"name\":\"Portada\",\"item\":\"https:\/\/brandon-engineer.com\/\"},{\"@type\":\"ListItem\",\"position\":2,\"name\":\"Proyectos\"}]},{\"@type\":\"WebSite\",\"@id\":\"https:\/\/brandon-engineer.com\/#website\",\"url\":\"https:\/\/brandon-engineer.com\/\",\"name\":\"Brandon Engineer\",\"description\":\"Blog para compartir sobre programaci\u00f3n y tecnolog\u00eda industrial\",\"publisher\":{\"@id\":\"https:\/\/brandon-engineer.com\/#\/schema\/person\/46ee48a398d58bbbf72a86521b95229b\"},\"potentialAction\":[{\"@type\":\"SearchAction\",\"target\":{\"@type\":\"EntryPoint\",\"urlTemplate\":\"https:\/\/brandon-engineer.com\/?s={search_term_string}\"},\"query-input\":\"required name=search_term_string\"}],\"inLanguage\":\"en-US\"},{\"@type\":[\"Person\",\"Organization\"],\"@id\":\"https:\/\/brandon-engineer.com\/#\/schema\/person\/46ee48a398d58bbbf72a86521b95229b\",\"name\":\"Brandon\",\"image\":{\"@type\":\"ImageObject\",\"inLanguage\":\"en-US\",\"@id\":\"https:\/\/brandon-engineer.com\/#\/schema\/person\/image\/\",\"url\":\"https:\/\/brandon-engineer.com\/wp-content\/uploads\/2024\/03\/cropped-favicon-2.ico\",\"contentUrl\":\"https:\/\/brandon-engineer.com\/wp-content\/uploads\/2024\/03\/cropped-favicon-2.ico\",\"width\":48,\"height\":48,\"caption\":\"Brandon\"},\"logo\":{\"@id\":\"https:\/\/brandon-engineer.com\/#\/schema\/person\/image\/\"},\"sameAs\":[\"https:\/\/brandon-engineer.com\",\"https:\/\/www.linkedin.com\/in\/brandon-ramon-navarro\/\"],\"gender\":\"Hombre\",\"knowsLanguage\":[\"espa\u00f1ol\",\"ingl\u00e9s\"],\"jobTitle\":\"Ingeniero de automatizaci\u00f3n\"}]}<\/script>\n<!-- \/ Yoast SEO Premium plugin. -->","yoast_head_json":{"title":"Proyectos - Brandon Engineer","robots":{"index":"index","follow":"follow","max-snippet":"max-snippet:-1","max-image-preview":"max-image-preview:large","max-video-preview":"max-video-preview:-1"},"canonical":"https:\/\/brandon-engineer.com\/en\/projectos\/","og_locale":"en_US","og_type":"article","og_title":"Proyectos","og_description":"Proyectos en progreso Esta web Desarrollo web Brandolinera Automatizaci\u00f3n e IOT VER PROYECTO Haz clic aqu\u00ed Proyectos en finalizados Zeus Gestor documental VER PROYECTO Haz clic aqu\u00ed","og_url":"https:\/\/brandon-engineer.com\/en\/projectos\/","og_site_name":"Brandon Engineer","article_modified_time":"2024-06-09T16:28:33+00:00","og_image":[{"url":"https:\/\/themeholy.com\/wordpress\/fresh\/wp-content\/uploads\/2024\/01\/tech_shape_1.png"}],"twitter_card":"summary_large_image","twitter_misc":{"Est. reading time":"1 minute"},"schema":{"@context":"https:\/\/schema.org","@graph":[{"@type":"WebPage","@id":"https:\/\/brandon-engineer.com\/projectos\/","url":"https:\/\/brandon-engineer.com\/projectos\/","name":"Proyectos - Brandon Engineer","isPartOf":{"@id":"https:\/\/brandon-engineer.com\/#website"},"datePublished":"2024-02-04T11:39:55+00:00","dateModified":"2024-06-09T16:28:33+00:00","breadcrumb":{"@id":"https:\/\/brandon-engineer.com\/projectos\/#breadcrumb"},"inLanguage":"en-US","potentialAction":[{"@type":"ReadAction","target":["https:\/\/brandon-engineer.com\/projectos\/"]}]},{"@type":"BreadcrumbList","@id":"https:\/\/brandon-engineer.com\/projectos\/#breadcrumb","itemListElement":[{"@type":"ListItem","position":1,"name":"Portada","item":"https:\/\/brandon-engineer.com\/"},{"@type":"ListItem","position":2,"name":"Proyectos"}]},{"@type":"WebSite","@id":"https:\/\/brandon-engineer.com\/#website","url":"https:\/\/brandon-engineer.com\/","name":"Brandon Engineer","description":"Blog para compartir sobre programaci\u00f3n y tecnolog\u00eda industrial","publisher":{"@id":"https:\/\/brandon-engineer.com\/#\/schema\/person\/46ee48a398d58bbbf72a86521b95229b"},"potentialAction":[{"@type":"SearchAction","target":{"@type":"EntryPoint","urlTemplate":"https:\/\/brandon-engineer.com\/?s={search_term_string}"},"query-input":"required name=search_term_string"}],"inLanguage":"en-US"},{"@type":["Person","Organization"],"@id":"https:\/\/brandon-engineer.com\/#\/schema\/person\/46ee48a398d58bbbf72a86521b95229b","name":"Brandon","image":{"@type":"ImageObject","inLanguage":"en-US","@id":"https:\/\/brandon-engineer.com\/#\/schema\/person\/image\/","url":"https:\/\/brandon-engineer.com\/wp-content\/uploads\/2024\/03\/cropped-favicon-2.ico","contentUrl":"https:\/\/brandon-engineer.com\/wp-content\/uploads\/2024\/03\/cropped-favicon-2.ico","width":48,"height":48,"caption":"Brandon"},"logo":{"@id":"https:\/\/brandon-engineer.com\/#\/schema\/person\/image\/"},"sameAs":["https:\/\/brandon-engineer.com","https:\/\/www.linkedin.com\/in\/brandon-ramon-navarro\/"],"gender":"Hombre","knowsLanguage":["espa\u00f1ol","ingl\u00e9s"],"jobTitle":"Ingeniero de automatizaci\u00f3n"}]}},"_links":{"self":[{"href":"https:\/\/brandon-engineer.com\/en\/wp-json\/wp\/v2\/pages\/624","targetHints":{"allow":["GET"]}}],"collection":[{"href":"https:\/\/brandon-engineer.com\/en\/wp-json\/wp\/v2\/pages"}],"about":[{"href":"https:\/\/brandon-engineer.com\/en\/wp-json\/wp\/v2\/types\/page"}],"author":[{"embeddable":true,"href":"https:\/\/brandon-engineer.com\/en\/wp-json\/wp\/v2\/users\/1"}],"replies":[{"embeddable":true,"href":"https:\/\/brandon-engineer.com\/en\/wp-json\/wp\/v2\/comments?post=624"}],"version-history":[{"count":26,"href":"https:\/\/brandon-engineer.com\/en\/wp-json\/wp\/v2\/pages\/624\/revisions"}],"predecessor-version":[{"id":3666,"href":"https:\/\/brandon-engineer.com\/en\/wp-json\/wp\/v2\/pages\/624\/revisions\/3666"}],"wp:attachment":[{"href":"https:\/\/brandon-engineer.com\/en\/wp-json\/wp\/v2\/media?parent=624"}],"curies":[{"name":"wp","href":"https:\/\/api.w.org\/{rel}","templated":true}]}}