{"id":3277,"date":"2024-03-10T10:32:43","date_gmt":"2024-03-10T10:32:43","guid":{"rendered":"https:\/\/brandon-engineer.com\/?page_id=3277"},"modified":"2025-05-25T08:32:50","modified_gmt":"2025-05-25T08:32:50","slug":"inicio","status":"publish","type":"page","link":"https:\/\/brandon-engineer.com\/en\/","title":{"rendered":"Home"},"content":{"rendered":"<div data-elementor-type=\"wp-page\" data-elementor-id=\"3277\" class=\"elementor elementor-3277\" data-elementor-post-type=\"page\">\n\t\t\t\t<div class=\"elementor-element elementor-element-91fe63b e-flex e-con-boxed e-con e-parent\" data-id=\"91fe63b\" data-element_type=\"container\" data-settings=\"{&quot;content_width&quot;:&quot;boxed&quot;}\" data-core-v316-plus=\"true\">\n\t\t\t\t\t<div class=\"e-con-inner\">\n\t\t\t\t<div class=\"elementor-element elementor-element-ece8916 elementor-widget elementor-widget-heading\" data-id=\"ece8916\" data-element_type=\"widget\" data-widget_type=\"heading.default\">\n\t\t\t\t<div class=\"elementor-widget-container\">\n\t\t\t<style>\/*! elementor - v3.19.0 - 28-02-2024 *\/\n.elementor-heading-title{padding:0;margin:0;line-height:1}.elementor-widget-heading .elementor-heading-title[class*=elementor-size-]>a{color:inherit;font-size:inherit;line-height:inherit}.elementor-widget-heading .elementor-heading-title.elementor-size-small{font-size:15px}.elementor-widget-heading .elementor-heading-title.elementor-size-medium{font-size:19px}.elementor-widget-heading .elementor-heading-title.elementor-size-large{font-size:29px}.elementor-widget-heading .elementor-heading-title.elementor-size-xl{font-size:39px}.elementor-widget-heading .elementor-heading-title.elementor-size-xxl{font-size:59px}<\/style><h2 class=\"elementor-heading-title elementor-size-default\">What's the propose of this blog?<\/h2>\t\t<\/div>\n\t\t\t\t<\/div>\n\t\t\t\t\t<\/div>\n\t\t\t\t<\/div>\n\t\t<div class=\"elementor-element elementor-element-4e753e1 e-flex e-con-boxed e-con e-parent\" data-id=\"4e753e1\" data-element_type=\"container\" data-settings=\"{&quot;content_width&quot;:&quot;boxed&quot;}\" data-core-v316-plus=\"true\">\n\t\t\t\t\t<div class=\"e-con-inner\">\n\t\t<div class=\"elementor-element elementor-element-6836e0e e-con-full e-flex e-con e-child\" data-id=\"6836e0e\" data-element_type=\"container\" data-settings=\"{&quot;content_width&quot;:&quot;full&quot;}\">\n\t\t\t\t<div class=\"elementor-element elementor-element-17ca166 elementor-widget elementor-widget-text-editor\" data-id=\"17ca166\" data-element_type=\"widget\" data-widget_type=\"text-editor.default\">\n\t\t\t\t<div class=\"elementor-widget-container\">\n\t\t\t<style>\/*! elementor - v3.19.0 - 28-02-2024 *\/\n.elementor-widget-text-editor.elementor-drop-cap-view-stacked .elementor-drop-cap{background-color:#69727d;color:#fff}.elementor-widget-text-editor.elementor-drop-cap-view-framed .elementor-drop-cap{color:#69727d;border:3px solid;background-color:transparent}.elementor-widget-text-editor:not(.elementor-drop-cap-view-default) .elementor-drop-cap{margin-top:8px}.elementor-widget-text-editor:not(.elementor-drop-cap-view-default) .elementor-drop-cap-letter{width:1em;height:1em}.elementor-widget-text-editor .elementor-drop-cap{float:left;text-align:center;line-height:1;font-size:50px}.elementor-widget-text-editor .elementor-drop-cap-letter{display:inline-block}<\/style>\t\t\t\t<p>I\u2019ve always noticed that there is a lot of free information in all kinds of technological fields, but the industry itself is very closed. I believe I can contribute my grain of sand, since technology changes constantly and there is so much to learn.<\/p><p>This blog is an attempt to make industrial knowledge more accessible and also a personal goal, since the aim is to write it both in Spanish and English, pushing myself to learn and use more English-language terminology.<\/p>\t\t\t\t\t\t<\/div>\n\t\t\t\t<\/div>\n\t\t\t\t<\/div>\n\t\t<div class=\"elementor-element elementor-element-acce1da e-con-full e-flex e-con e-child\" data-id=\"acce1da\" data-element_type=\"container\" data-settings=\"{&quot;content_width&quot;:&quot;full&quot;}\">\n\t\t\t\t<div class=\"elementor-element elementor-element-64e441b elementor-widget elementor-widget-image\" data-id=\"64e441b\" data-element_type=\"widget\" data-widget_type=\"image.default\">\n\t\t\t\t<div class=\"elementor-widget-container\">\n\t\t\t<style>\/*! elementor - v3.19.0 - 28-02-2024 *\/\n.elementor-widget-image{text-align:center}.elementor-widget-image a{display:inline-block}.elementor-widget-image a img[src$=\".svg\"]{width:48px}.elementor-widget-image img{vertical-align:middle;display:inline-block}<\/style>\t\t\t\t\t\t\t\t\t\t<img fetchpriority=\"high\" decoding=\"async\" width=\"556\" height=\"556\" src=\"https:\/\/brandon-engineer.com\/wp-content\/uploads\/2024\/06\/para-que-sirve-este-blog.jpg\" class=\"attachment-large size-large wp-image-3622\" alt=\"\" srcset=\"https:\/\/brandon-engineer.com\/wp-content\/uploads\/2024\/06\/para-que-sirve-este-blog.jpg 556w, https:\/\/brandon-engineer.com\/wp-content\/uploads\/2024\/06\/para-que-sirve-este-blog-300x300.jpg 300w, https:\/\/brandon-engineer.com\/wp-content\/uploads\/2024\/06\/para-que-sirve-este-blog-150x150.jpg 150w, https:\/\/brandon-engineer.com\/wp-content\/uploads\/2024\/06\/para-que-sirve-este-blog-80x80.jpg 80w, https:\/\/brandon-engineer.com\/wp-content\/uploads\/2024\/06\/para-que-sirve-este-blog-140x140.jpg 140w, https:\/\/brandon-engineer.com\/wp-content\/uploads\/2024\/06\/para-que-sirve-este-blog-12x12.jpg 12w, https:\/\/brandon-engineer.com\/wp-content\/uploads\/2024\/06\/para-que-sirve-este-blog-100x100.jpg 100w, https:\/\/brandon-engineer.com\/wp-content\/uploads\/2024\/06\/para-que-sirve-este-blog-460x460.jpg 460w\" sizes=\"(max-width: 556px) 100vw, 556px\" \/>\t\t\t\t\t\t\t\t\t\t\t\t\t<\/div>\n\t\t\t\t<\/div>\n\t\t\t\t<\/div>\n\t\t\t\t\t<\/div>\n\t\t\t\t<\/div>\n\t\t<div class=\"elementor-element elementor-element-e2bcbac e-flex e-con-boxed e-con e-parent\" data-id=\"e2bcbac\" data-element_type=\"container\" data-settings=\"{&quot;content_width&quot;:&quot;boxed&quot;}\" data-core-v316-plus=\"true\">\n\t\t\t\t\t<div class=\"e-con-inner\">\n\t\t\t\t<div class=\"elementor-element elementor-element-709f80b elementor-widget elementor-widget-heading\" data-id=\"709f80b\" data-element_type=\"widget\" data-widget_type=\"heading.default\">\n\t\t\t\t<div class=\"elementor-widget-container\">\n\t\t\t<h2 class=\"elementor-heading-title elementor-size-default\">LAST POST<\/h2>\t\t<\/div>\n\t\t\t\t<\/div>\n\t\t\t\t\t<\/div>\n\t\t\t\t<\/div>\n\t\t<div class=\"elementor-element elementor-element-f121f67 e-flex e-con-boxed e-con e-parent\" data-id=\"f121f67\" data-element_type=\"container\" data-settings=\"{&quot;content_width&quot;:&quot;boxed&quot;}\" data-core-v316-plus=\"true\">\n\t\t\t\t\t<div class=\"e-con-inner\">\n\t\t\t\t<div class=\"elementor-element elementor-element-643993a elementor-widget elementor-widget-tragablogpost\" data-id=\"643993a\" data-element_type=\"widget\" data-widget_type=\"tragablogpost.default\">\n\t\t\t\t<div class=\"elementor-widget-container\">\n\t\t\t<div class=\"slider-area\"><div class=\"swiper th-slider has-shadow\" id=\"blogSlider1\" data-slider-options='{\"loop\":true,\"breakpoints\":{\"0\":{\"slidesPerView\":1},\"576\":{\"slidesPerView\":\"1\"},\"768\":{\"slidesPerView\":\"2\"},\"992\":{\"slidesPerView\":\"2\"},\"1200\":{\"slidesPerView\":\"3\"}}}'><div class=\"swiper-wrapper\"><div class=\"swiper-slide\"><div class=\"blog-card\"><div class=\"blog-img\"><img decoding=\"async\" width=\"391\" height=\"250\" src=\"https:\/\/brandon-engineer.com\/wp-content\/uploads\/2025\/11\/automatiza-tus-esquemas-electricos-391x250.png\" class=\"attachment-webteck_391X250 size-webteck_391X250 wp-post-image\" alt=\"\" \/><\/div><div class=\"blog-content\"><div class=\"blog-meta\"><a href=\"https:\/\/brandon-engineer.com\/en\/2025\/11\/28\/\"><i class=\"fa-light fa-calendar-days\"><\/i>28 Nov, 2025<\/a><a href=\"https:\/\/brandon-engineer.com\/en\/plantillas-de-generacion-automatica-de-paginas-en-qelectrotech\/#respond\" class=\"comment\"><i class=\"fa-regular fa-comments\"><\/i> 0 Comments<\/a><\/div><h3 class=\"box-title\"><a href=\"https:\/\/brandon-engineer.com\/en\/plantillas-de-generacion-automatica-de-paginas-en-qelectrotech\/\">Automatically generated page templates in QElectroTech<\/a><\/h3><div class=\"blog-bottom\"><a class=\"author\" href=\"https:\/\/brandon-engineer.com\/en\/author\/brandon\/\"><img decoding=\"async\" src=\"https:\/\/secure.gravatar.com\/avatar\/9aa1c6c019b91af797ea7784eec7f0b4e33719342f47789a5f031fd8e30f1707?s=96&#038;d=mm&#038;r=g\" alt=\"Brandon%20Engineer\"  width=\"30\" height=\"30\" \/>By Brandon<\/a><a href=\"https:\/\/brandon-engineer.com\/en\/plantillas-de-generacion-automatica-de-paginas-en-qelectrotech\/\" class=\"line-btn\">Read More<i class=\"fas fa-arrow-right\"><\/i><\/a><\/div><\/div><\/div><\/div><div class=\"swiper-slide\"><div class=\"blog-card\"><div class=\"blog-img\"><img loading=\"lazy\" decoding=\"async\" width=\"391\" height=\"250\" src=\"https:\/\/brandon-engineer.com\/wp-content\/uploads\/2024\/10\/guardar-visualizar-datos-gratis-391x250.gif\" class=\"attachment-webteck_391X250 size-webteck_391X250 wp-post-image\" alt=\"\" \/><\/div><div class=\"blog-content\"><div class=\"blog-meta\"><a href=\"https:\/\/brandon-engineer.com\/en\/2024\/11\/12\/\"><i class=\"fa-light fa-calendar-days\"><\/i>12 Nov, 2024<\/a><a href=\"https:\/\/brandon-engineer.com\/en\/como-guardar-y-visualizar-datos-en-base-de-datos-gratis\/#respond\" class=\"comment\"><i class=\"fa-regular fa-comments\"><\/i> 0 Comments<\/a><\/div><h3 class=\"box-title\"><a href=\"https:\/\/brandon-engineer.com\/en\/como-guardar-y-visualizar-datos-en-base-de-datos-gratis\/\">Como guardar y visualizar datos en base de<\/a><\/h3><div class=\"blog-bottom\"><a class=\"author\" href=\"https:\/\/brandon-engineer.com\/en\/author\/brandon\/\"><img decoding=\"async\" src=\"https:\/\/secure.gravatar.com\/avatar\/9aa1c6c019b91af797ea7784eec7f0b4e33719342f47789a5f031fd8e30f1707?s=96&#038;d=mm&#038;r=g\" alt=\"Brandon%20Engineer\"  width=\"30\" height=\"30\" \/>By Brandon<\/a><a href=\"https:\/\/brandon-engineer.com\/en\/como-guardar-y-visualizar-datos-en-base-de-datos-gratis\/\" class=\"line-btn\">Read More<i class=\"fas fa-arrow-right\"><\/i><\/a><\/div><\/div><\/div><\/div><div class=\"swiper-slide\"><div class=\"blog-card\"><div class=\"blog-img\"><img loading=\"lazy\" decoding=\"async\" width=\"391\" height=\"250\" src=\"https:\/\/brandon-engineer.com\/wp-content\/uploads\/2024\/10\/instalar-fuxa-en-raspberry-pi-391x250.jpg\" class=\"attachment-webteck_391X250 size-webteck_391X250 wp-post-image\" alt=\"\" \/><\/div><div class=\"blog-content\"><div class=\"blog-meta\"><a href=\"https:\/\/brandon-engineer.com\/en\/2024\/10\/20\/\"><i class=\"fa-light fa-calendar-days\"><\/i>20 Oct, 2024<\/a><a href=\"https:\/\/brandon-engineer.com\/en\/instalar-fuxa-en-raspberry-pi\/#respond\" class=\"comment\"><i class=\"fa-regular fa-comments\"><\/i> 0 Comments<\/a><\/div><h3 class=\"box-title\"><a href=\"https:\/\/brandon-engineer.com\/en\/instalar-fuxa-en-raspberry-pi\/\">Instalar Fuxa en Raspberry pi<\/a><\/h3><div class=\"blog-bottom\"><a class=\"author\" href=\"https:\/\/brandon-engineer.com\/en\/author\/brandon\/\"><img decoding=\"async\" src=\"https:\/\/secure.gravatar.com\/avatar\/9aa1c6c019b91af797ea7784eec7f0b4e33719342f47789a5f031fd8e30f1707?s=96&#038;d=mm&#038;r=g\" alt=\"Brandon%20Engineer\"  width=\"30\" height=\"30\" \/>By Brandon<\/a><a href=\"https:\/\/brandon-engineer.com\/en\/instalar-fuxa-en-raspberry-pi\/\" class=\"line-btn\">Read More<i class=\"fas fa-arrow-right\"><\/i><\/a><\/div><\/div><\/div><\/div><div class=\"swiper-slide\"><div class=\"blog-card\"><div class=\"blog-img\"><img loading=\"lazy\" decoding=\"async\" width=\"391\" height=\"250\" src=\"https:\/\/brandon-engineer.com\/wp-content\/uploads\/2024\/04\/no-detecta-el-PLC-391x250.jpg\" class=\"attachment-webteck_391X250 size-webteck_391X250 wp-post-image\" alt=\"\" \/><\/div><div class=\"blog-content\"><div class=\"blog-meta\"><a href=\"https:\/\/brandon-engineer.com\/en\/2024\/04\/07\/\"><i class=\"fa-light fa-calendar-days\"><\/i>07 Apr, 2024<\/a><a href=\"https:\/\/brandon-engineer.com\/en\/no-me-detecta-el-plc-de-beckhoff\/#respond\" class=\"comment\"><i class=\"fa-regular fa-comments\"><\/i> 0 Comments<\/a><\/div><h3 class=\"box-title\"><a href=\"https:\/\/brandon-engineer.com\/en\/no-me-detecta-el-plc-de-beckhoff\/\">No me detecta el PLC de Beckhoff<\/a><\/h3><div class=\"blog-bottom\"><a class=\"author\" href=\"https:\/\/brandon-engineer.com\/en\/author\/brandon\/\"><img decoding=\"async\" src=\"https:\/\/secure.gravatar.com\/avatar\/9aa1c6c019b91af797ea7784eec7f0b4e33719342f47789a5f031fd8e30f1707?s=96&#038;d=mm&#038;r=g\" alt=\"Brandon%20Engineer\"  width=\"30\" height=\"30\" \/>By Brandon<\/a><a href=\"https:\/\/brandon-engineer.com\/en\/no-me-detecta-el-plc-de-beckhoff\/\" class=\"line-btn\">Read More<i class=\"fas fa-arrow-right\"><\/i><\/a><\/div><\/div><\/div><\/div><\/div><\/div><button data-slider-prev=\"#blogSlider1\" class=\"slider-arrow style3 slider-prev\"><i class=\"far fa-arrow-left\"><\/i><\/button><button data-slider-next=\"#blogSlider1\" class=\"slider-arrow style3 slider-next\"><i class=\"far fa-arrow-right\"><\/i><\/button><\/div>\t\t<\/div>\n\t\t\t\t<\/div>\n\t\t\t\t\t<\/div>\n\t\t\t\t<\/div>\n\t\t<div class=\"elementor-element elementor-element-1e179b8 e-flex e-con-boxed e-con e-parent\" data-id=\"1e179b8\" data-element_type=\"container\" data-settings=\"{&quot;content_width&quot;:&quot;boxed&quot;}\" data-core-v316-plus=\"true\">\n\t\t\t\t\t<div class=\"e-con-inner\">\n\t\t\t\t<div class=\"elementor-element elementor-element-66e6bc6 elementor-widget elementor-widget-heading\" data-id=\"66e6bc6\" data-element_type=\"widget\" data-widget_type=\"heading.default\">\n\t\t\t\t<div class=\"elementor-widget-container\">\n\t\t\t<h2 class=\"elementor-heading-title elementor-size-default\">DON\u2019T FORGET TO VISIT MY PERSONAL PROJECTS<\/h2>\t\t<\/div>\n\t\t\t\t<\/div>\n\t\t\t\t\t<\/div>\n\t\t\t\t<\/div>\n\t\t<div class=\"elementor-element elementor-element-8bcff1c e-flex e-con-boxed e-con e-parent\" data-id=\"8bcff1c\" data-element_type=\"container\" data-settings=\"{&quot;content_width&quot;:&quot;boxed&quot;}\" data-core-v316-plus=\"true\">\n\t\t\t\t\t<div class=\"e-con-inner\">\n\t\t<div class=\"elementor-element elementor-element-8b40e2b e-con-full e-flex e-con e-child\" data-id=\"8b40e2b\" data-element_type=\"container\" data-settings=\"{&quot;content_width&quot;:&quot;full&quot;}\">\n\t\t\t\t<div class=\"elementor-element elementor-element-e2654bc elementor-widget elementor-widget-text-editor\" data-id=\"e2654bc\" data-element_type=\"widget\" data-widget_type=\"text-editor.default\">\n\t\t\t\t<div class=\"elementor-widget-container\">\n\t\t\t\t\t\t\t<p>I am publishing the personal projects I complete along the way.<\/p><p>\u00a0<\/p><p>Whenever possible, I will publish all relevant information, including electrical schematics, electronic components, and code.<\/p>\t\t\t\t\t\t<\/div>\n\t\t\t\t<\/div>\n\t\t\t\t<\/div>\n\t\t<div class=\"elementor-element elementor-element-85dd2fd e-con-full e-flex e-con e-child\" data-id=\"85dd2fd\" data-element_type=\"container\" data-settings=\"{&quot;content_width&quot;:&quot;full&quot;}\">\n\t\t\t\t<div class=\"elementor-element elementor-element-2b8d609 elementor-widget elementor-widget-image\" data-id=\"2b8d609\" data-element_type=\"widget\" data-widget_type=\"image.default\">\n\t\t\t\t<div class=\"elementor-widget-container\">\n\t\t\t\t\t\t\t\t\t\t\t\t\t<img decoding=\"async\" src=\"https:\/\/brandon-engineer.com\/wp-content\/plugins\/elementor\/assets\/images\/placeholder.png\" title=\"\" alt=\"\" loading=\"lazy\" \/>\t\t\t\t\t\t\t\t\t\t\t\t\t<\/div>\n\t\t\t\t<\/div>\n\t\t\t\t<\/div>\n\t\t\t\t\t<\/div>\n\t\t\t\t<\/div>\n\t\t<div class=\"elementor-element elementor-element-95757e7 e-flex e-con-boxed e-con e-parent\" data-id=\"95757e7\" data-element_type=\"container\" data-settings=\"{&quot;content_width&quot;:&quot;boxed&quot;}\" data-core-v316-plus=\"true\">\n\t\t\t\t\t<div class=\"e-con-inner\">\n\t\t\t\t<div class=\"elementor-element elementor-element-066c229 elementor-widget elementor-widget-heading\" data-id=\"066c229\" data-element_type=\"widget\" data-widget_type=\"heading.default\">\n\t\t\t\t<div class=\"elementor-widget-container\">\n\t\t\t<h2 class=\"elementor-heading-title elementor-size-default\">WHERE YOU WORK?<\/h2>\t\t<\/div>\n\t\t\t\t<\/div>\n\t\t\t\t\t<\/div>\n\t\t\t\t<\/div>\n\t\t<div class=\"elementor-element elementor-element-ea36170 e-flex e-con-boxed e-con e-parent\" data-id=\"ea36170\" data-element_type=\"container\" data-settings=\"{&quot;content_width&quot;:&quot;boxed&quot;}\" data-core-v316-plus=\"true\">\n\t\t\t\t\t<div class=\"e-con-inner\">\n\t\t<div class=\"elementor-element elementor-element-2659b70 e-con-full e-flex e-con e-child\" data-id=\"2659b70\" data-element_type=\"container\" data-settings=\"{&quot;content_width&quot;:&quot;full&quot;}\">\n\t\t\t\t<div class=\"elementor-element elementor-element-bd2c1ae elementor-widget elementor-widget-text-editor\" data-id=\"bd2c1ae\" data-element_type=\"widget\" data-widget_type=\"text-editor.default\">\n\t\t\t\t<div class=\"elementor-widget-container\">\n\t\t\t\t\t\t\t<p class=\" translation-block\">I am working at <a href=\"http:\/\/jeanologia.com\" target=\"_self\">Jeanologia<\/a>, and I am very happy to be surrounded by such a highly qualified and professional team of engineers. In addition, <a href=\"http:\/\/jeanologia.com\" target=\"_self\">Jeanologia<\/a> has been a company that is giving me great freedom for learning and professional development.<\/p>\t\t\t\t\t\t<\/div>\n\t\t\t\t<\/div>\n\t\t\t\t<\/div>\n\t\t<div class=\"elementor-element elementor-element-29f4b16 e-con-full e-flex e-con e-child\" data-id=\"29f4b16\" data-element_type=\"container\" data-settings=\"{&quot;content_width&quot;:&quot;full&quot;}\">\n\t\t\t\t<\/div>\n\t\t\t\t\t<\/div>\n\t\t\t\t<\/div>\n\t\t<div class=\"elementor-element elementor-element-d67a227 e-flex e-con-boxed e-con e-parent\" data-id=\"d67a227\" data-element_type=\"container\" data-settings=\"{&quot;content_width&quot;:&quot;boxed&quot;}\" data-core-v316-plus=\"true\">\n\t\t\t\t\t<div class=\"e-con-inner\">\n\t\t\t\t\t<\/div>\n\t\t\t\t<\/div>\n\t\t\t\t<\/div>","protected":false},"excerpt":{"rendered":"<p>\u00bfPARA QUE ES ESTE BLOG? Siempre he visto que hay mucha informaci\u00f3n libre en todo tipo de \u00e1mbitos tecnol\u00f3gicos pero la industria es muy cerrada y creo que puedo aportar mi grano de arena puesto que la tecnolog\u00eda es muy cambiante y hay mucho por aprender. Este blog es un intento de apertura de conocimiento&#8230;<\/p>","protected":false},"author":1,"featured_media":0,"parent":0,"menu_order":0,"comment_status":"closed","ping_status":"closed","template":"elementor_theme","meta":{"footnotes":""},"class_list":["post-3277","page","type-page","status-publish","hentry","th-blog blog-single"],"yoast_head":"<!-- This site is optimized with the Yoast SEO Premium plugin v22.0 (Yoast SEO v22.0) - https:\/\/yoast.com\/wordpress\/plugins\/seo\/ -->\n<title>Inicio - Brandon Engineer<\/title>\n<meta name=\"description\" content=\"Blog personal para informarte de lo \u00faltimo en tecnolog\u00eda todo contado desde el punto de vista de un programador industrial\" \/>\n<meta name=\"robots\" content=\"index, follow, max-snippet:-1, max-image-preview:large, max-video-preview:-1\" \/>\n<link rel=\"canonical\" href=\"https:\/\/brandon-engineer.com\/en\/\" \/>\n<meta property=\"og:locale\" content=\"en_US\" \/>\n<meta property=\"og:type\" content=\"article\" \/>\n<meta property=\"og:title\" content=\"Inicio\" \/>\n<meta property=\"og:description\" content=\"Blog personal para informarte de lo \u00faltimo en tecnolog\u00eda todo contado desde el punto de vista de un programador industrial\" \/>\n<meta property=\"og:url\" content=\"https:\/\/brandon-engineer.com\/en\/\" \/>\n<meta property=\"og:site_name\" content=\"Brandon Engineer\" \/>\n<meta property=\"article:modified_time\" content=\"2025-05-25T08:32:50+00:00\" \/>\n<meta property=\"og:image\" content=\"https:\/\/brandon-engineer.com\/wp-content\/uploads\/2024\/06\/para-que-sirve-este-blog.jpg\" \/>\n<meta name=\"twitter:card\" content=\"summary_large_image\" \/>\n<meta name=\"twitter:label1\" content=\"Est. reading time\" \/>\n\t<meta name=\"twitter:data1\" content=\"1 minute\" \/>\n<script type=\"application\/ld+json\" class=\"yoast-schema-graph\">{\"@context\":\"https:\/\/schema.org\",\"@graph\":[{\"@type\":\"WebPage\",\"@id\":\"https:\/\/brandon-engineer.com\/\",\"url\":\"https:\/\/brandon-engineer.com\/\",\"name\":\"Inicio - Brandon Engineer\",\"isPartOf\":{\"@id\":\"https:\/\/brandon-engineer.com\/#website\"},\"datePublished\":\"2024-03-10T10:32:43+00:00\",\"dateModified\":\"2025-05-25T08:32:50+00:00\",\"description\":\"Blog personal para informarte de lo \u00faltimo en tecnolog\u00eda todo contado desde el punto de vista de un programador industrial\",\"breadcrumb\":{\"@id\":\"https:\/\/brandon-engineer.com\/#breadcrumb\"},\"inLanguage\":\"en-US\",\"potentialAction\":[{\"@type\":\"ReadAction\",\"target\":[\"https:\/\/brandon-engineer.com\/\"]}]},{\"@type\":\"BreadcrumbList\",\"@id\":\"https:\/\/brandon-engineer.com\/#breadcrumb\",\"itemListElement\":[{\"@type\":\"ListItem\",\"position\":1,\"name\":\"Portada\",\"item\":\"https:\/\/brandon-engineer.com\/\"},{\"@type\":\"ListItem\",\"position\":2,\"name\":\"Inicio\"}]},{\"@type\":\"WebSite\",\"@id\":\"https:\/\/brandon-engineer.com\/#website\",\"url\":\"https:\/\/brandon-engineer.com\/\",\"name\":\"Brandon Engineer\",\"description\":\"Blog para compartir sobre programaci\u00f3n y tecnolog\u00eda industrial\",\"publisher\":{\"@id\":\"https:\/\/brandon-engineer.com\/#\/schema\/person\/46ee48a398d58bbbf72a86521b95229b\"},\"potentialAction\":[{\"@type\":\"SearchAction\",\"target\":{\"@type\":\"EntryPoint\",\"urlTemplate\":\"https:\/\/brandon-engineer.com\/?s={search_term_string}\"},\"query-input\":\"required name=search_term_string\"}],\"inLanguage\":\"en-US\"},{\"@type\":[\"Person\",\"Organization\"],\"@id\":\"https:\/\/brandon-engineer.com\/#\/schema\/person\/46ee48a398d58bbbf72a86521b95229b\",\"name\":\"Brandon\",\"image\":{\"@type\":\"ImageObject\",\"inLanguage\":\"en-US\",\"@id\":\"https:\/\/brandon-engineer.com\/#\/schema\/person\/image\/\",\"url\":\"https:\/\/brandon-engineer.com\/wp-content\/uploads\/2024\/03\/cropped-favicon-2.ico\",\"contentUrl\":\"https:\/\/brandon-engineer.com\/wp-content\/uploads\/2024\/03\/cropped-favicon-2.ico\",\"width\":48,\"height\":48,\"caption\":\"Brandon\"},\"logo\":{\"@id\":\"https:\/\/brandon-engineer.com\/#\/schema\/person\/image\/\"},\"sameAs\":[\"https:\/\/brandon-engineer.com\",\"https:\/\/www.linkedin.com\/in\/brandon-ramon-navarro\/\"],\"gender\":\"Hombre\",\"knowsLanguage\":[\"espa\u00f1ol\",\"ingl\u00e9s\"],\"jobTitle\":\"Ingeniero de automatizaci\u00f3n\"}]}<\/script>\n<!-- \/ Yoast SEO Premium plugin. -->","yoast_head_json":{"title":"Inicio - Brandon Engineer","description":"Blog personal para informarte de lo \u00faltimo en tecnolog\u00eda todo contado desde el punto de vista de un programador industrial","robots":{"index":"index","follow":"follow","max-snippet":"max-snippet:-1","max-image-preview":"max-image-preview:large","max-video-preview":"max-video-preview:-1"},"canonical":"https:\/\/brandon-engineer.com\/en\/","og_locale":"en_US","og_type":"article","og_title":"Inicio","og_description":"Blog personal para informarte de lo \u00faltimo en tecnolog\u00eda todo contado desde el punto de vista de un programador industrial","og_url":"https:\/\/brandon-engineer.com\/en\/","og_site_name":"Brandon Engineer","article_modified_time":"2025-05-25T08:32:50+00:00","og_image":[{"url":"https:\/\/brandon-engineer.com\/wp-content\/uploads\/2024\/06\/para-que-sirve-este-blog.jpg"}],"twitter_card":"summary_large_image","twitter_misc":{"Est. reading time":"1 minute"},"schema":{"@context":"https:\/\/schema.org","@graph":[{"@type":"WebPage","@id":"https:\/\/brandon-engineer.com\/","url":"https:\/\/brandon-engineer.com\/","name":"Inicio - Brandon Engineer","isPartOf":{"@id":"https:\/\/brandon-engineer.com\/#website"},"datePublished":"2024-03-10T10:32:43+00:00","dateModified":"2025-05-25T08:32:50+00:00","description":"Blog personal para informarte de lo \u00faltimo en tecnolog\u00eda todo contado desde el punto de vista de un programador industrial","breadcrumb":{"@id":"https:\/\/brandon-engineer.com\/#breadcrumb"},"inLanguage":"en-US","potentialAction":[{"@type":"ReadAction","target":["https:\/\/brandon-engineer.com\/"]}]},{"@type":"BreadcrumbList","@id":"https:\/\/brandon-engineer.com\/#breadcrumb","itemListElement":[{"@type":"ListItem","position":1,"name":"Portada","item":"https:\/\/brandon-engineer.com\/"},{"@type":"ListItem","position":2,"name":"Inicio"}]},{"@type":"WebSite","@id":"https:\/\/brandon-engineer.com\/#website","url":"https:\/\/brandon-engineer.com\/","name":"Brandon Engineer","description":"Blog para compartir sobre programaci\u00f3n y tecnolog\u00eda industrial","publisher":{"@id":"https:\/\/brandon-engineer.com\/#\/schema\/person\/46ee48a398d58bbbf72a86521b95229b"},"potentialAction":[{"@type":"SearchAction","target":{"@type":"EntryPoint","urlTemplate":"https:\/\/brandon-engineer.com\/?s={search_term_string}"},"query-input":"required name=search_term_string"}],"inLanguage":"en-US"},{"@type":["Person","Organization"],"@id":"https:\/\/brandon-engineer.com\/#\/schema\/person\/46ee48a398d58bbbf72a86521b95229b","name":"Brandon","image":{"@type":"ImageObject","inLanguage":"en-US","@id":"https:\/\/brandon-engineer.com\/#\/schema\/person\/image\/","url":"https:\/\/brandon-engineer.com\/wp-content\/uploads\/2024\/03\/cropped-favicon-2.ico","contentUrl":"https:\/\/brandon-engineer.com\/wp-content\/uploads\/2024\/03\/cropped-favicon-2.ico","width":48,"height":48,"caption":"Brandon"},"logo":{"@id":"https:\/\/brandon-engineer.com\/#\/schema\/person\/image\/"},"sameAs":["https:\/\/brandon-engineer.com","https:\/\/www.linkedin.com\/in\/brandon-ramon-navarro\/"],"gender":"Hombre","knowsLanguage":["espa\u00f1ol","ingl\u00e9s"],"jobTitle":"Ingeniero de automatizaci\u00f3n"}]}},"_links":{"self":[{"href":"https:\/\/brandon-engineer.com\/en\/wp-json\/wp\/v2\/pages\/3277","targetHints":{"allow":["GET"]}}],"collection":[{"href":"https:\/\/brandon-engineer.com\/en\/wp-json\/wp\/v2\/pages"}],"about":[{"href":"https:\/\/brandon-engineer.com\/en\/wp-json\/wp\/v2\/types\/page"}],"author":[{"embeddable":true,"href":"https:\/\/brandon-engineer.com\/en\/wp-json\/wp\/v2\/users\/1"}],"replies":[{"embeddable":true,"href":"https:\/\/brandon-engineer.com\/en\/wp-json\/wp\/v2\/comments?post=3277"}],"version-history":[{"count":53,"href":"https:\/\/brandon-engineer.com\/en\/wp-json\/wp\/v2\/pages\/3277\/revisions"}],"predecessor-version":[{"id":3743,"href":"https:\/\/brandon-engineer.com\/en\/wp-json\/wp\/v2\/pages\/3277\/revisions\/3743"}],"wp:attachment":[{"href":"https:\/\/brandon-engineer.com\/en\/wp-json\/wp\/v2\/media?parent=3277"}],"curies":[{"name":"wp","href":"https:\/\/api.w.org\/{rel}","templated":true}]}}